{"id":6193,"date":"2017-12-22T10:34:35","date_gmt":"2017-12-22T10:34:35","guid":{"rendered":"https:\/\/bellavita.modeltheme.com\/?page_id=6193"},"modified":"2026-04-16T22:13:48","modified_gmt":"2026-04-16T22:13:48","slug":"sobre-nosotros","status":"publish","type":"page","link":"https:\/\/articulosortopedicos.net\/index.php\/sobre-nosotros\/","title":{"rendered":"Sobre Nosotros"},"content":{"rendered":"<div class=\"wpb-content-wrapper\"><p>[vc_row full_width=&#8221;stretch_row&#8221; css=&#8221;.vc_custom_1776371664402{margin-top: 0px !important;margin-right: 0px !important;margin-bottom: 0px !important;margin-left: 0px !important;padding-top: 150px !important;padding-right: 0px !important;padding-bottom: 150px !important;padding-left: 0px !important;background-image: url(https:\/\/articulosortopedicos.net\/wordpress\/wp-content\/uploads\/2026\/04\/sobre-nosotros-portada.png?id=6624) !important;}&#8221;][vc_column css_animation=&#8221;none&#8221; css=&#8221;.vc_custom_1513938498796{margin-top: 0px !important;margin-right: 0px !important;margin-bottom: 0px !important;margin-left: 0px !important;padding-top: 0px !important;padding-bottom: 0px !important;}&#8221;][vc_custom_heading text=&#8221;Sobre Nosotros&#8221; font_container=&#8221;tag:h1|font_size:72px|text_align:center|color:%23ffffff|line_height:77px&#8221; google_fonts=&#8221;font_family:Nunito%3A300%2Cregular%2C700|font_style:700%20bold%20regular%3A700%3Anormal&#8221; css_animation=&#8221;fadeIn&#8221; css=&#8221;&#8221;][\/vc_column][\/vc_row][vc_row full_width=&#8221;stretch_row&#8221; parallax=&#8221;content-moving-fade&#8221; parallax_image=&#8221;6629&#8243; css=&#8221;.vc_custom_1776374775238{margin-top: 0px !important;margin-bottom: 0px !important;padding-top: 15px !important;padding-bottom: 65px !important;}&#8221;][vc_column width=&#8221;1\/2&#8243;][vc_custom_heading text=&#8221;\u00bfQui\u00e9nes somos?&#8221; font_container=&#8221;tag:h2|text_align:left|color:%23252525&#8243; google_fonts=&#8221;font_family:Nunito%3A300%2Cregular%2C700|font_style:700%20bold%20regular%3A700%3Anormal&#8221; css_animation=&#8221;fadeIn&#8221; css=&#8221;&#8221;][vc_column_text css_animation=&#8221;fadeIn&#8221; css=&#8221;&#8221;]<\/p>\n<p style=\"text-align: left;\">Empresa fundada por un profesional de la salud, con m\u00e1s de 25 a\u00f1os de experiencia en la comercializaci\u00f3n de instrumental quir\u00fargico, material de osteos\u00edntesis, endopr\u00f3tesis y soluciones para columna.<\/p>\n<p style=\"text-align: left;\">A lo largo de su trayectoria, Art\u00edculos Ortop\u00e9dicos y M\u00e9dicos ha consolidado un portafolio de productos de alta calidad, integrando instrumental de fabricaci\u00f3n europea y americana, as\u00ed como marcas de prestigio internacional. Entre ellas destacan Johnson &amp; Johnson en el \u00e1rea de trauma y reemplazo articular, Arthrex en artroscop\u00eda y, como parte de su propuesta de valor diferenciada, LifeNet Health, l\u00edder mundial en injertos biol\u00f3gicos, fortaleciendo la oferta en soluciones avanzadas para la pr\u00e1ctica quir\u00fargica. Asimismo, cuenta con alianzas estrat\u00e9gicas con marcas reconocidas como Cousin, Tedan, Ulrich y Signus en el segmento de columna.<\/p>\n<p style=\"text-align: left;\">La empresa se distingue por ofrecer productos de la m\u00e1s alta calidad, acompa\u00f1ados de un servicio profesional en cada procedimiento quir\u00fargico, garantizando la satisfacci\u00f3n de la comunidad m\u00e9dica.<\/p>\n<p style=\"text-align: left;\">Adem\u00e1s, cuenta con cobertura y atenci\u00f3n los 365 d\u00edas del a\u00f1o, asegurando disponibilidad, eficiencia y respuesta oportuna<\/p>\n<p>[\/vc_column_text][vc_empty_space height=&#8221;16px&#8221;][\/vc_column][vc_column width=&#8221;1\/2&#8243;][\/vc_column][\/vc_row][vc_row full_width=&#8221;stretch_row&#8221; parallax=&#8221;content-moving-fade&#8221; css=&#8221;.vc_custom_1776376519754{margin-top: 0px !important;margin-bottom: 0px !important;padding-top: 15px !important;padding-bottom: 65px !important;}&#8221;][vc_column width=&#8221;1\/2&#8243;][vc_custom_heading text=&#8221;VISI\u00d3N&#8221; google_fonts=&#8221;font_family:Nunito%3A300%2Cregular%2C700|font_style:700%20bold%20regular%3A700%3Anormal&#8221; css=&#8221;&#8221;][vc_empty_space height=&#8221;16px&#8221;][vc_column_text css_animation=&#8221;fadeIn&#8221; css=&#8221;&#8221;]<\/p>\n<p style=\"text-align: left;\">Ser una empresa l\u00edder y referente en el sector de dispositivos m\u00e9dicos en M\u00e9xico, reconocida por su excelencia en servicio, innovaci\u00f3n constante y compromiso con la comunidad m\u00e9dica, adapt\u00e1ndonos a los avances de la medicina moderna mediante procesos log\u00edsticos eficientes y un enfoque centrado en el paciente.<\/p>\n<p>[\/vc_column_text][\/vc_column][vc_column width=&#8221;1\/2&#8243;][vc_custom_heading text=&#8221;MISI\u00d3N&#8221; google_fonts=&#8221;font_family:Nunito%3A300%2Cregular%2C700|font_style:700%20bold%20regular%3A700%3Anormal&#8221; css=&#8221;&#8221;][vc_empty_space height=&#8221;16px&#8221;][vc_column_text css_animation=&#8221;fadeIn&#8221; css=&#8221;&#8221;]<\/p>\n<p style=\"text-align: left;\">Brindar soluciones integrales en el suministro de dispositivos m\u00e9dicos e instru-mental quir\u00fargico,ofreciendo productos de la m\u00e1s alta calidad respaldados por marcas l\u00edderes a nivel mundial. Nos enfocamos en proporcionar un servicio profesional, oportuno y confiable, contribuyendo al \u00e9xito de cada procedimiento quir\u00fargico y al bienestar del paciente.<\/p>\n<p>[\/vc_column_text][\/vc_column][\/vc_row][vc_row][vc_column][vc_custom_heading text=&#8221;VALORES&#8221; font_container=&#8221;tag:h2|text_align:center&#8221; google_fonts=&#8221;font_family:Nunito%3A300%2Cregular%2C700|font_style:700%20bold%20regular%3A700%3Anormal&#8221; css=&#8221;&#8221;][vc_column_text css=&#8221;&#8221;]<\/p>\n<h4 style=\"text-align: center;\">\u2022 Compromiso con marcas de prestigio y tecnolog\u00eda de vanguardia<\/h4>\n<h4 style=\"text-align: center;\">\u2022 Atenci\u00f3n personalizada<\/h4>\n<h4 style=\"text-align: center;\">\u2022 Servicio de excelencia<\/h4>\n<h4 style=\"text-align: center;\">\u2022 \u00c9tica profesional<\/h4>\n<h4 style=\"text-align: center;\">\u2022 Innovaci\u00f3n y actualizaci\u00f3n constante<\/h4>\n<h4 style=\"text-align: center;\">\u2022 Educaci\u00f3n continua<\/h4>\n<p>[\/vc_column_text][\/vc_column][\/vc_row]<\/p>\n<\/div>","protected":false},"excerpt":{"rendered":"<p>[vc_row full_width=&#8221;stretch_row&#8221; css=&#8221;.vc_custom_1776371664402{margin-top: 0px !important;margin-right: 0px !important;margin-bottom: 0px !important;margin-left: 0px !important;padding-top: 150px !important;padding-right: 0px !important;padding-bottom: 150px !important;padding-left: 0px !important;background-image: url(https:\/\/articulosortopedicos.net\/wordpress\/wp-content\/uploads\/2026\/04\/sobre-nosotros-portada.png?id=6624) !important;}&#8221;][vc_column css_animation=&#8221;none&#8221; css=&#8221;.vc_custom_1513938498796{margin-top: 0px !important;margin-right: 0px !important;margin-bottom: 0px !important;margin-left: 0px !important;padding-top: 0px !important;padding-bottom: 0px !important;}&#8221;][vc_custom_heading text=&#8221;Sobre Nosotros&#8221; font_container=&#8221;tag:h1|font_size:72px|text_align:center|color:%23ffffff|line_height:77px&#8221; google_fonts=&#8221;font_family:Nunito%3A300%2Cregular%2C700|font_style:700%20bold%20regular%3A700%3Anormal&#8221; css_animation=&#8221;fadeIn&#8221; css=&#8221;&#8221;][\/vc_column][\/vc_row][vc_row full_width=&#8221;stretch_row&#8221; parallax=&#8221;content-moving-fade&#8221; parallax_image=&#8221;6629&#8243; css=&#8221;.vc_custom_1776374775238{margin-top: 0px !important;margin-bottom: 0px !important;padding-top: 15px !important;padding-bottom: 65px !important;}&#8221;][vc_column width=&#8221;1\/2&#8243;][vc_custom_heading text=&#8221;\u00bfQui\u00e9nes [&hellip;]<\/p>\n","protected":false},"author":1,"featured_media":0,"parent":0,"menu_order":0,"comment_status":"closed","ping_status":"closed","template":"","meta":{"footnotes":""},"class_list":["post-6193","page","type-page","status-publish","hentry"],"_links":{"self":[{"href":"https:\/\/articulosortopedicos.net\/index.php\/wp-json\/wp\/v2\/pages\/6193","targetHints":{"allow":["GET"]}}],"collection":[{"href":"https:\/\/articulosortopedicos.net\/index.php\/wp-json\/wp\/v2\/pages"}],"about":[{"href":"https:\/\/articulosortopedicos.net\/index.php\/wp-json\/wp\/v2\/types\/page"}],"author":[{"embeddable":true,"href":"https:\/\/articulosortopedicos.net\/index.php\/wp-json\/wp\/v2\/users\/1"}],"replies":[{"embeddable":true,"href":"https:\/\/articulosortopedicos.net\/index.php\/wp-json\/wp\/v2\/comments?post=6193"}],"version-history":[{"count":23,"href":"https:\/\/articulosortopedicos.net\/index.php\/wp-json\/wp\/v2\/pages\/6193\/revisions"}],"predecessor-version":[{"id":6647,"href":"https:\/\/articulosortopedicos.net\/index.php\/wp-json\/wp\/v2\/pages\/6193\/revisions\/6647"}],"wp:attachment":[{"href":"https:\/\/articulosortopedicos.net\/index.php\/wp-json\/wp\/v2\/media?parent=6193"}],"curies":[{"name":"wp","href":"https:\/\/api.w.org\/{rel}","templated":true}]}}