{"id":6575,"date":"2017-12-13T13:24:43","date_gmt":"2017-12-13T13:24:43","guid":{"rendered":"https:\/\/bellavita.modeltheme.com\/?page_id=5"},"modified":"2026-04-28T16:36:02","modified_gmt":"2026-04-28T16:36:02","slug":"home-insurance","status":"publish","type":"page","link":"https:\/\/articulosortopedicos.net\/","title":{"rendered":"Home"},"content":{"rendered":"<div class=\"wpb-content-wrapper\"><p>[vc_row full_width=&#8221;stretch_row&#8221; css=&#8221;.vc_custom_1776279763443{margin-top: 0px !important;margin-bottom: 0px !important;padding-top: 280px !important;padding-bottom: 180px !important;background-image: url(https:\/\/articulosortopedicos.net\/wordpress\/wp-content\/uploads\/2026\/04\/bellavita_theme_picture1.png?id=6577) !important;background-position: center !important;background-repeat: no-repeat !important;background-size: cover !important;}&#8221;][vc_column][vc_custom_heading text=&#8221;&#8221; font_container=&#8221;tag:p|font_size:30px|text_align:center|color:%23ffffff&#8221; google_fonts=&#8221;font_family:Nunito%3A300%2Cregular%2C700|font_style:400%20regular%3A400%3Anormal&#8221; css_animation=&#8221;fadeInRight&#8221; css=&#8221;&#8221;][vc_custom_heading text=&#8221;Soluciones Ortop\u00e9dicas de Alta Especialidad&#8221; font_container=&#8221;tag:h2|font_size:72px|text_align:center|color:%23ffffff&#8221; google_fonts=&#8221;font_family:Montserrat%3Aregular%2C700|font_style:700%20bold%20regular%3A700%3Anormal&#8221; css_animation=&#8221;fadeInRight&#8221; css=&#8221;&#8221;][vc_empty_space height=&#8221;10px&#8221;][vc_btn title=&#8221;Leer m\u00e1s&#8221; style=&#8221;custom&#8221; custom_background=&#8221;#75dbb3&#8243; custom_text=&#8221;#ffffff&#8221; align=&#8221;center&#8221; css_animation=&#8221;fadeIn&#8221; css=&#8221;&#8221; link=&#8221;url:https%3A%2F%2Farticulosortopedicos.net%2Findex.php%2Fsobre-nosotros%2F|title:Sobre%20Nosotros&#8221;][\/vc_column][\/vc_row][vc_row full_width=&#8221;stretch_row&#8221; css=&#8221;.vc_custom_1776708378565{margin-top: 60px !important;margin-bottom: 0px !important;padding-top: 45px !important;padding-bottom: 80px !important;background-color: #ffffff !important;}&#8221;][vc_column][vc_single_image image=&#8221;6712&#8243; img_size=&#8221;full&#8221; alignment=&#8221;center&#8221; css=&#8221;&#8221;][\/vc_column][\/vc_row][vc_row full_width=&#8221;stretch_row&#8221; css=&#8221;.vc_custom_1513775640879{margin-top: 0px !important;margin-bottom: 0px !important;padding-top: 80px !important;padding-bottom: 55px !important;}&#8221;][vc_column]<div class=\"title-subtile-holder wow \"><div class=\"section-border\" style=\"margin:0 auto;\"><\/div><h1 class=\"section-title\" style=\"color:#252525;text-align:center;font-size:40px;font-weight:800;line-height:50px;\">Nuestros Servicios<\/h1><h1 class=\"section-subtitle\" style=\"color:#8b8b8b;text-align:center;font-size:25px;font-weight:300;line-height:35px;\"><\/h1><\/div>[vc_empty_space height=&#8221;20px&#8221;][vc_row_inner css=&#8221;.vc_custom_1513775567730{margin-bottom: 0px !important;padding-bottom: 0px !important;}&#8221;][vc_column_inner width=&#8221;1\/3&#8243;][vc_column_text css_animation=&#8221;fadeIn&#8221; css=&#8221;&#8221;]<img loading=\"lazy\" decoding=\"async\" class=\"wp-image-6610 alignnone\" src=\"https:\/\/articulosortopedicos.net\/wordpress\/wp-content\/uploads\/2026\/04\/iconos-servicios-1.png\" alt=\"\" width=\"138\" height=\"138\" srcset=\"https:\/\/articulosortopedicos.net\/wordpress\/wp-content\/uploads\/2026\/04\/iconos-servicios-1.png 200w, https:\/\/articulosortopedicos.net\/wordpress\/wp-content\/uploads\/2026\/04\/iconos-servicios-1-150x150.png 150w, https:\/\/articulosortopedicos.net\/wordpress\/wp-content\/uploads\/2026\/04\/iconos-servicios-1-100x100.png 100w\" sizes=\"auto, (max-width: 138px) 100vw, 138px\" \/>[\/vc_column_text][vc_custom_heading text=&#8221;Venta directa a Hospitales, Compa\u00f1\u00edas de Seguros y Particulares.&#8221; font_container=&#8221;tag:h3|text_align:left|color:%23252525&#8243; google_fonts=&#8221;font_family:Nunito%3A300%2Cregular%2C700|font_style:700%20bold%20regular%3A700%3Anormal&#8221; css_animation=&#8221;fadeIn&#8221; css=&#8221;&#8221;][vc_empty_space height=&#8221;16px&#8221;][vc_empty_space height=&#8221;25px&#8221;][\/vc_column_inner][vc_column_inner width=&#8221;1\/3&#8243;][vc_column_text css_animation=&#8221;fadeIn&#8221; css=&#8221;&#8221;]<img loading=\"lazy\" decoding=\"async\" class=\"alignnone wp-image-6611\" src=\"https:\/\/articulosortopedicos.net\/wordpress\/wp-content\/uploads\/2026\/04\/iconos-servicios-2.png\" alt=\"\" width=\"138\" height=\"138\" srcset=\"https:\/\/articulosortopedicos.net\/wordpress\/wp-content\/uploads\/2026\/04\/iconos-servicios-2.png 200w, https:\/\/articulosortopedicos.net\/wordpress\/wp-content\/uploads\/2026\/04\/iconos-servicios-2-150x150.png 150w, https:\/\/articulosortopedicos.net\/wordpress\/wp-content\/uploads\/2026\/04\/iconos-servicios-2-100x100.png 100w\" sizes=\"auto, (max-width: 138px) 100vw, 138px\" \/>[\/vc_column_text][vc_custom_heading text=&#8221;Asesores t\u00e9cnicos quir\u00fargicos.&#8221; font_container=&#8221;tag:h3|text_align:left|color:%23252525&#8243; google_fonts=&#8221;font_family:Nunito%3A300%2Cregular%2C700|font_style:700%20bold%20regular%3A700%3Anormal&#8221; css_animation=&#8221;fadeIn&#8221; css=&#8221;&#8221;][vc_empty_space height=&#8221;16px&#8221;][vc_empty_space height=&#8221;25px&#8221;][\/vc_column_inner][vc_column_inner width=&#8221;1\/3&#8243;][vc_column_text css_animation=&#8221;fadeIn&#8221; css=&#8221;&#8221;]<img loading=\"lazy\" decoding=\"async\" class=\"alignnone wp-image-6612\" src=\"https:\/\/articulosortopedicos.net\/wordpress\/wp-content\/uploads\/2026\/04\/iconos-servicios-3.png\" alt=\"\" width=\"152\" height=\"152\" srcset=\"https:\/\/articulosortopedicos.net\/wordpress\/wp-content\/uploads\/2026\/04\/iconos-servicios-3.png 200w, https:\/\/articulosortopedicos.net\/wordpress\/wp-content\/uploads\/2026\/04\/iconos-servicios-3-150x150.png 150w, https:\/\/articulosortopedicos.net\/wordpress\/wp-content\/uploads\/2026\/04\/iconos-servicios-3-100x100.png 100w\" sizes=\"auto, (max-width: 152px) 100vw, 152px\" \/>[\/vc_column_text][vc_custom_heading text=&#8221;Capacitaci\u00f3n y educaci\u00f3n cont\u00ednua para los m\u00e9dicos.&#8221; font_container=&#8221;tag:h3|text_align:left|color:%23252525&#8243; google_fonts=&#8221;font_family:Nunito%3A300%2Cregular%2C700|font_style:700%20bold%20regular%3A700%3Anormal&#8221; css_animation=&#8221;fadeIn&#8221; css=&#8221;&#8221;][vc_empty_space height=&#8221;16px&#8221;][vc_empty_space height=&#8221;25px&#8221;][\/vc_column_inner][\/vc_row_inner][\/vc_column][\/vc_row][vc_row full_width=&#8221;stretch_row&#8221; content_placement=&#8221;middle&#8221; parallax=&#8221;content-moving&#8221; parallax_image=&#8221;6618&#8243; css_animation=&#8221;fadeIn&#8221; css=&#8221;.vc_custom_1776365949137{margin-top: 0px !important;margin-bottom: 0px !important;padding-top: 70px !important;padding-bottom: 70px !important;}&#8221;][vc_column]<script>\n                jQuery(document).ready(function() {\n                  jQuery(\".popup-vimeo-video\").magnificPopup({\n                  \ttype:\"iframe\",\n\t              \tdisableOn: 700,\n\t\t\t\t\tremovalDelay: 160,\n\t\t\t\t\tpreloader: false,\n\t\t\t\t\tfixedContentPos: false\n\t\t\t\t});\n\n\n                  jQuery(\".popup-vimeo-youtube\").magnificPopup({\n                  \ttype:\"iframe\",\n             \t\tdisableOn: 700,\n\t\t\t\t\tremovalDelay: 160,\n\t\t\t\t\tpreloader: false,\n\t\t\t\t\tfixedContentPos: false});\n                });\n                \n              <\/script><div class=\"mt_video text-center row\"><div class=\"wow fadeInLeft\"><a class=\"popup-vimeo-video\" href=\"https:\/\/vimeo.com\/\"><img decoding=\"async\" class=\"buton_image_class\" src=\"\" data-src=\"\" alt=\"\"><\/a><\/div><\/div>[vc_empty_space height=&#8221;50px&#8221;][vc_row_inner][vc_column_inner]<div class=\"title-subtile-holder wow fadeInUp\"><h1 class=\"section-title\" style=\"color:#ffffff;text-align:center;font-size:72px;font-weight:200;line-height:77px;\"><strong>Distribuci\u00f3n exclusiva para<\/strong><\/h1><h1 class=\"section-subtitle\" style=\"color:#ffffff;text-align:center;font-size:72px;font-weight:200;line-height:77px;\"><strong>Sector M\u00e9dico<\/strong><\/h1><\/div>[vc_custom_heading text=&#8221;Calidad que respalda cada procedimiento&#8221; font_container=&#8221;tag:h2|font_size:30px|text_align:center|color:%23dedfde|line_height:40px&#8221; google_fonts=&#8221;font_family:Nunito%3A300%2Cregular%2C700|font_style:300%20light%20regular%3A300%3Anormal&#8221; css_animation=&#8221;appear&#8221; css=&#8221;&#8221;][vc_empty_space height=&#8221;35px&#8221;][vc_btn title=&#8221;Ver Productos&#8221; style=&#8221;custom&#8221; custom_background=&#8221;#75dbb3&#8243; custom_text=&#8221;#ffffff&#8221; align=&#8221;center&#8221; css_animation=&#8221;fadeIn&#8221; css=&#8221;&#8221; link=&#8221;url:https%3A%2F%2Farticulosortopedicos.net%2Findex.php%2Fsample-page%2F|title:Productos&#8221;][\/vc_column_inner][\/vc_row_inner][\/vc_column][\/vc_row][vc_row full_width=&#8221;stretch_row&#8221; css=&#8221;.vc_custom_1592549974539{margin-top: 60px !important;margin-bottom: 0px !important;padding-top: 45px !important;padding-bottom: 80px !important;background: #ffffff url(https:\/\/articulosortopedicos.net\/wordpress\/wp-content\/uploads\/2018\/04\/bellavita_theme_picture18_editz.jpg?id=6528) !important;}&#8221;][vc_column width=&#8221;8\/12&#8243;][vc_column_text]<\/p>\n<h2>\u00a1Cont\u00e1ctanos!<\/h2>\n<p>[\/vc_column_text]\n<div class=\"wpcf7 no-js\" id=\"wpcf7-f6576-o1\" lang=\"en-US\" dir=\"ltr\" data-wpcf7-id=\"6576\">\n<div class=\"screen-reader-response\"><p role=\"status\" aria-live=\"polite\" aria-atomic=\"true\"><\/p> <ul><\/ul><\/div>\n<form action=\"\/index.php\/wp-json\/wp\/v2\/pages\/6575#wpcf7-f6576-o1\" method=\"post\" class=\"wpcf7-form init\" aria-label=\"Contact form\" novalidate=\"novalidate\" data-status=\"init\">\n<fieldset class=\"hidden-fields-container\"><input type=\"hidden\" name=\"_wpcf7\" value=\"6576\" \/><input type=\"hidden\" name=\"_wpcf7_version\" value=\"6.1.5\" \/><input type=\"hidden\" name=\"_wpcf7_locale\" value=\"en_US\" \/><input type=\"hidden\" name=\"_wpcf7_unit_tag\" value=\"wpcf7-f6576-o1\" \/><input type=\"hidden\" name=\"_wpcf7_container_post\" value=\"0\" \/><input type=\"hidden\" name=\"_wpcf7_posted_data_hash\" value=\"\" \/>\n<\/fieldset>\n<div class=\"contact-form-bellavita\">\n\t<div class=\"row\">\n\t\t<div class=\"col-md-4\">\n\t\t\t<p><span class=\"wpcf7-form-control-wrap\" data-name=\"first-name\"><input size=\"40\" maxlength=\"400\" class=\"wpcf7-form-control wpcf7-text wpcf7-validates-as-required\" aria-required=\"true\" aria-invalid=\"false\" placeholder=\"First Name\" value=\"\" type=\"text\" name=\"first-name\" \/><\/span>\n\t\t\t<\/p>\n\t\t<\/div>\n\t\t<div class=\"col-md-4\">\n\t\t\t<p><span class=\"wpcf7-form-control-wrap\" data-name=\"last-name\"><input size=\"40\" maxlength=\"400\" class=\"wpcf7-form-control wpcf7-text wpcf7-validates-as-required\" aria-required=\"true\" aria-invalid=\"false\" placeholder=\"Last Name\" value=\"\" type=\"text\" name=\"last-name\" \/><\/span>\n\t\t\t<\/p>\n\t\t<\/div>\n\t\t<div class=\"col-md-4\">\n\t\t\t<p><span class=\"wpcf7-form-control-wrap\" data-name=\"your-email\"><input size=\"40\" maxlength=\"400\" class=\"wpcf7-form-control wpcf7-email wpcf7-validates-as-required wpcf7-text wpcf7-validates-as-email\" aria-required=\"true\" aria-invalid=\"false\" placeholder=\"Your Email\" value=\"\" type=\"email\" name=\"your-email\" \/><\/span>\n\t\t\t<\/p>\n\t\t<\/div>\n\t\t<div class=\"col-md-12\">\n\t\t\t<p><span class=\"wpcf7-form-control-wrap\" data-name=\"your-message\"><textarea cols=\"10\" rows=\"5\" maxlength=\"2000\" class=\"wpcf7-form-control wpcf7-textarea\" aria-invalid=\"false\" placeholder=\"Your message\" name=\"your-message\"><\/textarea><\/span>\n\t\t\t<\/p>\n\t\t<\/div>\n\t<\/div>\n\t<div class=\"col-md-12\">\n\t\t<p><input class=\"wpcf7-form-control wpcf7-submit has-spinner\" type=\"submit\" value=\"Submit\" \/>\n\t\t<\/p>\n\t<\/div>\n<\/div><p style=\"display: none !important;\" class=\"akismet-fields-container\" data-prefix=\"_wpcf7_ak_\"><label>&#916;<textarea name=\"_wpcf7_ak_hp_textarea\" cols=\"45\" rows=\"8\" maxlength=\"100\"><\/textarea><\/label><input type=\"hidden\" id=\"ak_js_1\" name=\"_wpcf7_ak_js\" value=\"191\"\/><script>document.getElementById( \"ak_js_1\" ).setAttribute( \"value\", ( new Date() ).getTime() );<\/script><\/p><div class=\"wpcf7-response-output\" aria-hidden=\"true\"><\/div>\n<\/form>\n<\/div>\n[\/vc_column][vc_column width=&#8221;4\/12&#8243;][\/vc_column][\/vc_row]<\/p>\n<\/div>","protected":false},"excerpt":{"rendered":"<p>[vc_row full_width=&#8221;stretch_row&#8221; css=&#8221;.vc_custom_1776279763443{margin-top: 0px !important;margin-bottom: 0px !important;padding-top: 280px !important;padding-bottom: 180px !important;background-image: url(https:\/\/articulosortopedicos.net\/wordpress\/wp-content\/uploads\/2026\/04\/bellavita_theme_picture1.png?id=6577) !important;background-position: center !important;background-repeat: no-repeat !important;background-size: cover !important;}&#8221;][vc_column][vc_custom_heading text=&#8221;&#8221; font_container=&#8221;tag:p|font_size:30px|text_align:center|color:%23ffffff&#8221; google_fonts=&#8221;font_family:Nunito%3A300%2Cregular%2C700|font_style:400%20regular%3A400%3Anormal&#8221; css_animation=&#8221;fadeInRight&#8221; css=&#8221;&#8221;][vc_custom_heading text=&#8221;Soluciones Ortop\u00e9dicas de Alta Especialidad&#8221; font_container=&#8221;tag:h2|font_size:72px|text_align:center|color:%23ffffff&#8221; google_fonts=&#8221;font_family:Montserrat%3Aregular%2C700|font_style:700%20bold%20regular%3A700%3Anormal&#8221; css_animation=&#8221;fadeInRight&#8221; css=&#8221;&#8221;][vc_empty_space height=&#8221;10px&#8221;][vc_btn title=&#8221;Leer m\u00e1s&#8221; style=&#8221;custom&#8221; custom_background=&#8221;#75dbb3&#8243; custom_text=&#8221;#ffffff&#8221; align=&#8221;center&#8221; css_animation=&#8221;fadeIn&#8221; css=&#8221;&#8221; link=&#8221;url:https%3A%2F%2Farticulosortopedicos.net%2Findex.php%2Fsobre-nosotros%2F|title:Sobre%20Nosotros&#8221;][\/vc_column][\/vc_row][vc_row full_width=&#8221;stretch_row&#8221; css=&#8221;.vc_custom_1776708378565{margin-top: 60px !important;margin-bottom: 0px !important;padding-top: 45px !important;padding-bottom: 80px !important;background-color: #ffffff !important;}&#8221;][vc_column][vc_single_image [&hellip;]<\/p>\n","protected":false},"author":1,"featured_media":0,"parent":0,"menu_order":0,"comment_status":"closed","ping_status":"closed","template":"","meta":{"footnotes":""},"class_list":["post-6575","page","type-page","status-publish","hentry"],"_links":{"self":[{"href":"https:\/\/articulosortopedicos.net\/index.php\/wp-json\/wp\/v2\/pages\/6575","targetHints":{"allow":["GET"]}}],"collection":[{"href":"https:\/\/articulosortopedicos.net\/index.php\/wp-json\/wp\/v2\/pages"}],"about":[{"href":"https:\/\/articulosortopedicos.net\/index.php\/wp-json\/wp\/v2\/types\/page"}],"author":[{"embeddable":true,"href":"https:\/\/articulosortopedicos.net\/index.php\/wp-json\/wp\/v2\/users\/1"}],"replies":[{"embeddable":true,"href":"https:\/\/articulosortopedicos.net\/index.php\/wp-json\/wp\/v2\/comments?post=6575"}],"version-history":[{"count":53,"href":"https:\/\/articulosortopedicos.net\/index.php\/wp-json\/wp\/v2\/pages\/6575\/revisions"}],"predecessor-version":[{"id":6714,"href":"https:\/\/articulosortopedicos.net\/index.php\/wp-json\/wp\/v2\/pages\/6575\/revisions\/6714"}],"wp:attachment":[{"href":"https:\/\/articulosortopedicos.net\/index.php\/wp-json\/wp\/v2\/media?parent=6575"}],"curies":[{"name":"wp","href":"https:\/\/api.w.org\/{rel}","templated":true}]}}